{"id":5733,"date":"2022-05-18T10:04:52","date_gmt":"2022-05-18T08:04:52","guid":{"rendered":"https:\/\/www.mudanzaslopez.net\/blog-2"},"modified":"2022-12-15T17:46:41","modified_gmt":"2022-12-15T16:46:41","slug":"blog-2","status":"publish","type":"page","link":"https:\/\/www.mudanzaslopez.net\/ca\/blog-2","title":{"rendered":"Blog"},"content":{"rendered":"\t\t<div data-elementor-type=\"wp-page\" data-elementor-id=\"5733\" class=\"elementor elementor-5733 elementor-3150\" data-elementor-post-type=\"page\">\n\t\t\t\t\t\t<section class=\"elementor-section elementor-top-section elementor-element elementor-element-6ff9c143 elementor-section-content-bottom foto-seccio elementor-section-boxed elementor-section-height-default elementor-section-height-default\" data-id=\"6ff9c143\" data-element_type=\"section\" data-e-type=\"section\" data-settings=\"{&quot;background_background&quot;:&quot;classic&quot;}\">\n\t\t\t\t\t\t\t<div class=\"elementor-background-overlay\"><\/div>\n\t\t\t\t\t\t\t<div class=\"elementor-container elementor-column-gap-no\">\n\t\t\t\t\t<div class=\"elementor-column elementor-col-50 elementor-top-column elementor-element elementor-element-3028ce02\" data-id=\"3028ce02\" data-element_type=\"column\" data-e-type=\"column\" data-settings=\"{&quot;background_background&quot;:&quot;classic&quot;}\">\n\t\t\t<div class=\"elementor-widget-wrap elementor-element-populated\">\n\t\t\t\t\t\t<div class=\"elementor-element elementor-element-34f22643 elementor-widget elementor-widget-heading\" data-id=\"34f22643\" data-element_type=\"widget\" data-e-type=\"widget\" data-widget_type=\"heading.default\">\n\t\t\t\t<div class=\"elementor-widget-container\">\n\t\t\t\t\t<h1 class=\"elementor-heading-title elementor-size-default\">Blog<\/h1>\t\t\t\t<\/div>\n\t\t\t\t<\/div>\n\t\t\t\t<div class=\"elementor-element elementor-element-5399d711 elementor-widget-divider--view-line elementor-widget elementor-widget-divider\" data-id=\"5399d711\" data-element_type=\"widget\" data-e-type=\"widget\" data-widget_type=\"divider.default\">\n\t\t\t\t<div class=\"elementor-widget-container\">\n\t\t\t\t\t\t\t<div class=\"elementor-divider\">\n\t\t\t<span class=\"elementor-divider-separator\">\n\t\t\t\t\t\t<\/span>\n\t\t<\/div>\n\t\t\t\t\t\t<\/div>\n\t\t\t\t<\/div>\n\t\t\t\t\t<\/div>\n\t\t<\/div>\n\t\t\t\t<div class=\"elementor-column elementor-col-50 elementor-top-column elementor-element elementor-element-4f6ba014\" data-id=\"4f6ba014\" data-element_type=\"column\" data-e-type=\"column\">\n\t\t\t<div class=\"elementor-widget-wrap\">\n\t\t\t\t\t\t\t<\/div>\n\t\t<\/div>\n\t\t\t\t\t<\/div>\n\t\t<\/section>\n\t\t\t\t<section class=\"elementor-section elementor-top-section elementor-element elementor-element-616357fa elementor-section-content-middle elementor-reverse-mobile elementor-section-boxed elementor-section-height-default elementor-section-height-default\" data-id=\"616357fa\" data-element_type=\"section\" data-e-type=\"section\" data-settings=\"{&quot;background_background&quot;:&quot;classic&quot;}\">\n\t\t\t\t\t\t\t<div class=\"elementor-background-overlay\"><\/div>\n\t\t\t\t\t\t\t<div class=\"elementor-container elementor-column-gap-no\">\n\t\t\t\t\t<div class=\"elementor-column elementor-col-100 elementor-top-column elementor-element elementor-element-f5e66fe\" data-id=\"f5e66fe\" data-element_type=\"column\" data-e-type=\"column\">\n\t\t\t<div class=\"elementor-widget-wrap elementor-element-populated\">\n\t\t\t\t\t\t<div class=\"elementor-element elementor-element-76ef932c elementor-hidden-desktop elementor-hidden-tablet elementor-hidden-mobile elementor-widget elementor-widget-heading\" data-id=\"76ef932c\" data-element_type=\"widget\" data-e-type=\"widget\" data-widget_type=\"heading.default\">\n\t\t\t\t<div class=\"elementor-widget-container\">\n\t\t\t\t\t<h1 class=\"elementor-heading-title elementor-size-default\">Blog<\/h1>\t\t\t\t<\/div>\n\t\t\t\t<\/div>\n\t\t\t\t<div class=\"elementor-element elementor-element-cc51c5b elementor-widget elementor-widget-uael-posts\" data-id=\"cc51c5b\" data-element_type=\"widget\" data-e-type=\"widget\" data-settings=\"{&quot;event_slides_to_show&quot;:3,&quot;event_slides_to_show_tablet&quot;:2,&quot;event_slides_to_show_mobile&quot;:1,&quot;event_pagination_type&quot;:&quot;ajax&quot;,&quot;event_show_filters&quot;:&quot;no&quot;}\" data-widget_type=\"uael-posts.event\">\n\t\t\t\t<div class=\"elementor-widget-container\">\n\t\t\t\t\t\t\t<div class=\"uael-post__grid-empty\">\n\t\t\t<p>No hem pogut trobar cap entrada. Proveu una cerca diferent.<\/p>\n\t\t\t\t\t<\/div>\n\t\t\t\t\t\t<\/div>\n\t\t\t\t<\/div>\n\t\t\t\t\t<\/div>\n\t\t<\/div>\n\t\t\t\t\t<\/div>\n\t\t<\/section>\n\t\t\t\t<section class=\"elementor-section elementor-top-section elementor-element elementor-element-5f2ce258 elementor-section-content-top elementor-section-boxed elementor-section-height-default elementor-section-height-default\" data-id=\"5f2ce258\" data-element_type=\"section\" data-e-type=\"section\" data-settings=\"{&quot;background_background&quot;:&quot;classic&quot;}\">\n\t\t\t\t\t\t\t<div class=\"elementor-background-overlay\"><\/div>\n\t\t\t\t\t\t\t<div class=\"elementor-container elementor-column-gap-no\">\n\t\t\t\t\t<div class=\"elementor-column elementor-col-100 elementor-top-column elementor-element elementor-element-412ff908\" data-id=\"412ff908\" data-element_type=\"column\" data-e-type=\"column\">\n\t\t\t<div class=\"elementor-widget-wrap\">\n\t\t\t\t\t\t\t<\/div>\n\t\t<\/div>\n\t\t\t\t\t<\/div>\n\t\t<\/section>\n\t\t\t\t<section class=\"elementor-section elementor-top-section elementor-element elementor-element-4b32b14e elementor-section-content-bottom elementor-section-height-min-height elementor-section-boxed elementor-section-height-default elementor-section-items-middle\" data-id=\"4b32b14e\" data-element_type=\"section\" data-e-type=\"section\" data-settings=\"{&quot;background_background&quot;:&quot;classic&quot;}\">\n\t\t\t\t\t\t\t<div class=\"elementor-background-overlay\"><\/div>\n\t\t\t\t\t\t\t<div class=\"elementor-container elementor-column-gap-no\">\n\t\t\t\t\t<div class=\"elementor-column elementor-col-100 elementor-top-column elementor-element elementor-element-250f1076\" data-id=\"250f1076\" data-element_type=\"column\" data-e-type=\"column\">\n\t\t\t<div class=\"elementor-widget-wrap elementor-element-populated\">\n\t\t\t\t\t\t<div class=\"elementor-element elementor-element-3be7aaa3 elementor-hidden-desktop elementor-hidden-tablet elementor-widget elementor-widget-text-editor\" data-id=\"3be7aaa3\" data-element_type=\"widget\" data-e-type=\"widget\" data-widget_type=\"text-editor.default\">\n\t\t\t\t<div class=\"elementor-widget-container\">\n\t\t\t\t\t\t\t\t\t<p><strong>truca&#8217;ns <a href=\"tel:+34932840936\">+34932840936<\/a><\/strong><\/p>\n\t\t\t\t\t\t\t\t<\/div>\n\t\t\t\t<\/div>\n\t\t\t\t<div class=\"elementor-element elementor-element-7a3dff86 elementor-widget elementor-widget-heading\" data-id=\"7a3dff86\" data-element_type=\"widget\" data-e-type=\"widget\" data-widget_type=\"heading.default\">\n\t\t\t\t<div class=\"elementor-widget-container\">\n\t\t\t\t\t<span class=\"elementor-heading-title elementor-size-default\"><h1 style=\"color:##02a388;margin-bottom:0px;padding-bottom:0px;font-size:16px;text-transform:none;font-weight:normal\">Mudances Nacionals i internacionals,<\/h1>\n<h2 style=\"font-size:2.5em;margin-bottom:0;padding-bottom:0\">\u00a1DEMANA un pressupost ara!<\/h2><\/span>\t\t\t\t<\/div>\n\t\t\t\t<\/div>\n\t\t\t\t<div class=\"elementor-element elementor-element-37172098 elementor-widget-divider--view-line elementor-widget elementor-widget-divider\" data-id=\"37172098\" data-element_type=\"widget\" data-e-type=\"widget\" data-widget_type=\"divider.default\">\n\t\t\t\t<div class=\"elementor-widget-container\">\n\t\t\t\t\t\t\t<div class=\"elementor-divider\">\n\t\t\t<span class=\"elementor-divider-separator\">\n\t\t\t\t\t\t<\/span>\n\t\t<\/div>\n\t\t\t\t\t\t<\/div>\n\t\t\t\t<\/div>\n\t\t\t\t<section class=\"elementor-section elementor-inner-section elementor-element elementor-element-730f882a elementor-section-boxed elementor-section-height-default elementor-section-height-default\" data-id=\"730f882a\" data-element_type=\"section\" data-e-type=\"section\">\n\t\t\t\t\t\t<div class=\"elementor-container elementor-column-gap-default\">\n\t\t\t\t\t<div class=\"elementor-column elementor-col-100 elementor-inner-column elementor-element elementor-element-507d6fbc\" data-id=\"507d6fbc\" data-element_type=\"column\" data-e-type=\"column\" data-settings=\"{&quot;background_background&quot;:&quot;classic&quot;}\">\n\t\t\t<div class=\"elementor-widget-wrap elementor-element-populated\">\n\t\t\t\t\t\t<div class=\"elementor-element elementor-element-5b39bc7b elementor-widget elementor-widget-shortcode\" data-id=\"5b39bc7b\" data-element_type=\"widget\" data-e-type=\"widget\" data-widget_type=\"shortcode.default\">\n\t\t\t\t<div class=\"elementor-widget-container\">\n\t\t\t\t\t\t\t<div class=\"elementor-shortcode\"><div class=\"frm_forms \" id=\"frm_form_5_container\" >\n<form enctype=\"multipart\/form-data\" method=\"post\" class=\"frm-show-form \" id=\"form_contacto22\" >\n<div class=\"frm_form_fields \">\n<fieldset>\n<legend class=\"frm_screen_reader\">Contacto_ca<\/legend>\r\n<h3 class=\"frm_form_title\">Contacto_ca<\/h3>\r\n<div class=\"frm_fields_container\">\n<input type=\"hidden\" name=\"frm_action\" value=\"create\" \/>\n<input type=\"hidden\" name=\"form_id\" value=\"5\" \/>\n<input type=\"hidden\" name=\"frm_hide_fields_5\" id=\"frm_hide_fields_5\" value=\"\" \/>\n<input type=\"hidden\" name=\"form_key\" value=\"contacto22\" \/>\n<input type=\"hidden\" name=\"item_meta[0]\" value=\"\" \/>\n<input type=\"hidden\" id=\"frm_submit_entry_5\" name=\"frm_submit_entry_5\" value=\"770422a693\" \/><input type=\"hidden\" name=\"_wp_http_referer\" value=\"\/ca\/wp-json\/wp\/v2\/pages\/5733\" \/><div id=\"frm_field_29_container\" class=\"frm_form_field form-field  frm_required_field frm_none_container frm12 frm_first\">\r\n    <label for=\"field_y6kdy3\" id=\"field_y6kdy3_label\" class=\"frm_primary_label\">Nom *\r\n        <span class=\"frm_required\" aria-hidden=\"true\">*<\/span>\r\n    <\/label>\r\n    <input type=\"text\" id=\"field_y6kdy3\" name=\"item_meta[29]\" value=\"\"  style=\"width:100%\" placeholder=\"Nom *\" data-reqmsg=\"Este campo es obligatorio.\" aria-required=\"true\" data-invmsg=\"Text is invalid\" class=\"auto_width\" aria-invalid=\"false\"  \/>\r\n    \r\n    \r\n<\/div>\n<div id=\"frm_field_30_container\" class=\"frm_form_field form-field  frm_required_field frm_none_container\">\r\n    <label for=\"field_e7p6o3\" id=\"field_e7p6o3_label\" class=\"frm_primary_label\">Email *\r\n        <span class=\"frm_required\" aria-hidden=\"true\">*<\/span>\r\n    <\/label>\r\n    <input type=\"email\" id=\"field_e7p6o3\" name=\"item_meta[30]\" value=\"\"  style=\"width:100%\" placeholder=\"Email *\" data-reqmsg=\"Este campo es obligatorio.\" aria-required=\"true\" data-invmsg=\"El email no es v\u00e1lido\" class=\"auto_width\" aria-invalid=\"false\"  \/>\r\n    \r\n    \r\n<\/div>\n<div id=\"frm_field_31_container\" class=\"frm_form_field form-field  frm_required_field frm_none_container\">\r\n    <label for=\"field_q77ve3\" id=\"field_q77ve3_label\" class=\"frm_primary_label\">Tel\u00e8fon *\r\n        <span class=\"frm_required\" aria-hidden=\"true\">*<\/span>\r\n    <\/label>\r\n    <input type=\"tel\" id=\"field_q77ve3\" name=\"item_meta[31]\" value=\"\"  style=\"width:100%\" placeholder=\"Tel\u00e8fon *\" data-reqmsg=\"Este campo es obligatorio.\" aria-required=\"true\" data-invmsg=\"El tel\u00e9fono es no es v\u00e1lido\" class=\"auto_width\" aria-invalid=\"false\" pattern=\"((\\+\\d{1,3}(-|.| )?\\(?\\d\\)?(-| |.)?\\d{1,5})|(\\(?\\d{2,6}\\)?))(-|.| )?(\\d{3,4})(-|.| )?(\\d{4})(( x| ext)\\d{1,5}){0,1}$\"  \/>\r\n    \r\n    \r\n<\/div>\n<div id=\"frm_field_32_container\" class=\"frm_form_field form-field  frm_required_field frm_none_container\">\r\n    <label for=\"field_ixp93\" id=\"field_ixp93_label\" class=\"frm_primary_label\">Assumpte\r\n        <span class=\"frm_required\" aria-hidden=\"true\">*<\/span>\r\n    <\/label>\r\n    <input type=\"text\" id=\"field_ixp93\" name=\"item_meta[32]\" value=\"\"  style=\"width:100%\" placeholder=\"Assumpte\" data-reqmsg=\"Este campo no puede estar vac\u00edo.\" aria-required=\"true\" data-invmsg=\"Text is invalid\" class=\"auto_width\" aria-invalid=\"false\"  \/>\r\n    \r\n    \r\n<\/div>\n<div id=\"frm_field_33_container\" class=\"frm_form_field form-field  frm_none_container\">\r\n    <label for=\"field_aknpi3\" id=\"field_aknpi3_label\" class=\"frm_primary_label\">Text\r\n        <span class=\"frm_required\" aria-hidden=\"true\"><\/span>\r\n    <\/label>\r\n    <textarea name=\"item_meta[33]\" id=\"field_aknpi3\"  style=\"width:100%\" placeholder=\"Missatge\" data-invmsg=\"Text is invalid\" class=\"auto_width\" aria-invalid=\"false\"  ><\/textarea>\r\n    \r\n    \r\n<\/div>\n<div id=\"frm_field_60_container\" class=\"frm_form_field form-field  frm_required_field frm_top_container vertical_radio\">\n\t<div  id=\"field_u3fd7_label\" class=\"frm_primary_label\">\n\t\t<span class=\"frm_required\" aria-hidden=\"true\">*<\/span>\n\t<\/div>\n\t<div class=\"frm_opt_container\" aria-labelledby=\"field_u3fd7_label\" role=\"group\">\t\t<div class=\"frm_checkbox\" id=\"frm_checkbox_60-0\">\t\t\t<label  for=\"field_u3fd7-0\">\n\t\t\t<input type=\"checkbox\" name=\"item_meta[60][]\" id=\"field_u3fd7-0\" value=\"He llegit i accepte la  &lt;a href=&quot;https:\/\/www.mudanzaslopez.net\/ca\/politica-de-privacitat&quot;&gt;pol\u00edtica de privacitat&lt;\/a&gt;\"  data-reqmsg=\"Este campo no puede estar vac\u00edo.\" data-invmsg=\"This field no es v\u00e1lido\"   aria-required=\"true\"  \/> He llegit i accepte la  <a href=\"https:\/\/www.mudanzaslopez.net\/ca\/politica-de-privacitat\">pol\u00edtica de privacitat<\/a><\/label><\/div>\n<\/div>\n\t\n\t\n<\/div>\n<div id=\"frm_field_48_container\" class=\"frm_form_field form-field  frm_none_container\">\n\t<label for=\"g-recaptcha-response\" id=\"field_o6civ_label\" class=\"frm_primary_label\">Captcha\n\t\t<span class=\"frm_required\" aria-hidden=\"true\"><\/span>\n\t<\/label>\n\t<div  id=\"field_o6civ\" class=\"frm-g-recaptcha\" data-sitekey=\"6Lf484srAAAAAALZYtluqltPqC3Coto30axeqgew\" data-size=\"invisible\" data-theme=\"light\"><\/div>\n\t\n\t\n<\/div>\n<div id=\"frm_field_42_container\" class=\"frm_form_field form-field \">\n\t<div class=\"frm_submit\">\r\n\r\n<button id=\"boton_enviar\" class=\"frm_button_submit\" type=\"submit\"  >Enviar<\/button>\r\n\r\n<\/div>\n<\/div>\n\t<input type=\"hidden\" name=\"item_key\" value=\"\" \/>\n\t\t\t<div id=\"frm_field_62_container\">\n\t\t\t<label for=\"field_clalk\" >\n\t\t\t\tIf you are human, leave this field blank.\t\t\t<\/label>\n\t\t\t<input  id=\"field_clalk\" type=\"text\" class=\"frm_form_field form-field frm_verify\" name=\"item_meta[62]\" value=\"\"  \/>\n\t\t<\/div>\n\t\t<input name=\"frm_state\" type=\"hidden\" value=\"1Tf3ihrypOkjxxlxHH5Wr7fmioJdkl2\/zDxXvFyk9NY=\" \/><\/div>\n<\/fieldset>\n<\/div>\n\n<\/form>\n<\/div>\n<\/div>\n\t\t\t\t\t\t<\/div>\n\t\t\t\t<\/div>\n\t\t\t\t\t<\/div>\n\t\t<\/div>\n\t\t\t\t\t<\/div>\n\t\t<\/section>\n\t\t\t\t\t<\/div>\n\t\t<\/div>\n\t\t\t\t\t<\/div>\n\t\t<\/section>\n\t\t\t\t<\/div>\n\t\t","protected":false},"excerpt":{"rendered":"<p>Blog Blog Dic15 Balance del a\u00f1o 2021 y prop\u00f3sitos para el 2022 en #mudanzaslopez: Despu\u00e9s de un largo tiempo sin publicar nada, nos decidimos a reaparecer despu\u00e9s de dos a\u00f1os muy intensos para tod@s como han sido el 2020 &#8230; Read More \u2192 Dic15 Actualizaci\u00f3n Covid-19 Seguimos pudiendo ofrecer el servicio de mudanzas, siempre y [&hellip;]<\/p>\n","protected":false},"author":3,"featured_media":0,"parent":0,"menu_order":0,"comment_status":"closed","ping_status":"closed","template":"","meta":{"_uag_custom_page_level_css":"","site-sidebar-layout":"no-sidebar","site-content-layout":"page-builder","ast-site-content-layout":"default","site-content-style":"default","site-sidebar-style":"default","ast-global-header-display":"","ast-banner-title-visibility":"","ast-main-header-display":"","ast-hfb-above-header-display":"","ast-hfb-below-header-display":"","ast-hfb-mobile-header-display":"","site-post-title":"disabled","ast-breadcrumbs-content":"","ast-featured-img":"disabled","footer-sml-layout":"","ast-disable-related-posts":"","theme-transparent-header-meta":"","adv-header-id-meta":"","stick-header-meta":"","header-above-stick-meta":"","header-main-stick-meta":"","header-below-stick-meta":"","astra-migrate-meta-layouts":"default","ast-page-background-enabled":"default","ast-page-background-meta":{"desktop":{"background-color":"","background-image":"","background-repeat":"repeat","background-position":"center center","background-size":"auto","background-attachment":"scroll","background-type":"","background-media":"","overlay-type":"","overlay-color":"","overlay-opacity":"","overlay-gradient":""},"tablet":{"background-color":"","background-image":"","background-repeat":"repeat","background-position":"center center","background-size":"auto","background-attachment":"scroll","background-type":"","background-media":"","overlay-type":"","overlay-color":"","overlay-opacity":"","overlay-gradient":""},"mobile":{"background-color":"","background-image":"","background-repeat":"repeat","background-position":"center center","background-size":"auto","background-attachment":"scroll","background-type":"","background-media":"","overlay-type":"","overlay-color":"","overlay-opacity":"","overlay-gradient":""}},"ast-content-background-meta":{"desktop":{"background-color":"var(--ast-global-color-5)","background-image":"","background-repeat":"repeat","background-position":"center center","background-size":"auto","background-attachment":"scroll","background-type":"","background-media":"","overlay-type":"","overlay-color":"","overlay-opacity":"","overlay-gradient":""},"tablet":{"background-color":"var(--ast-global-color-5)","background-image":"","background-repeat":"repeat","background-position":"center center","background-size":"auto","background-attachment":"scroll","background-type":"","background-media":"","overlay-type":"","overlay-color":"","overlay-opacity":"","overlay-gradient":""},"mobile":{"background-color":"var(--ast-global-color-5)","background-image":"","background-repeat":"repeat","background-position":"center center","background-size":"auto","background-attachment":"scroll","background-type":"","background-media":"","overlay-type":"","overlay-color":"","overlay-opacity":"","overlay-gradient":""}},"_joinchat":[],"footnotes":""},"class_list":["post-5733","page","type-page","status-publish","hentry"],"yoast_head":"<!-- This site is optimized with the Yoast SEO plugin v27.1 - https:\/\/yoast.com\/product\/yoast-seo-wordpress\/ -->\n<title>Blog - Mudanzas L&oacute;pez<\/title>\n<meta name=\"robots\" content=\"index, follow, max-snippet:-1, max-image-preview:large, max-video-preview:-1\" \/>\n<link rel=\"canonical\" href=\"https:\/\/www.mudanzaslopez.net\/ca\/blog-2\" \/>\n<meta property=\"og:locale\" content=\"ca_ES\" \/>\n<meta property=\"og:type\" content=\"article\" \/>\n<meta property=\"og:title\" content=\"Blog - Mudanzas L&oacute;pez\" \/>\n<meta property=\"og:description\" content=\"Blog Blog Dic15 Balance del a\u00f1o 2021 y prop\u00f3sitos para el 2022 en #mudanzaslopez: Despu\u00e9s de un largo tiempo sin publicar nada, nos decidimos a reaparecer despu\u00e9s de dos a\u00f1os muy intensos para tod@s como han sido el 2020 &#8230; Read More \u2192 Dic15 Actualizaci\u00f3n Covid-19 Seguimos pudiendo ofrecer el servicio de mudanzas, siempre y [&hellip;]\" \/>\n<meta property=\"og:url\" content=\"https:\/\/www.mudanzaslopez.net\/ca\/blog-2\" \/>\n<meta property=\"og:site_name\" content=\"Mudanzas L&oacute;pez\" \/>\n<meta property=\"article:modified_time\" content=\"2022-12-15T16:46:41+00:00\" \/>\n<meta name=\"twitter:card\" content=\"summary_large_image\" \/>\n<meta name=\"twitter:label1\" content=\"Est. reading time\" \/>\n\t<meta name=\"twitter:data1\" content=\"1 minute\" \/>\n<script type=\"application\/ld+json\" class=\"yoast-schema-graph\">{\"@context\":\"https:\/\/schema.org\",\"@graph\":[{\"@type\":\"WebPage\",\"@id\":\"https:\/\/www.mudanzaslopez.net\/ca\/blog-2\",\"url\":\"https:\/\/www.mudanzaslopez.net\/ca\/blog-2\",\"name\":\"Blog - Mudanzas L&oacute;pez\",\"isPartOf\":{\"@id\":\"https:\/\/www.mudanzaslopez.net\/#website\"},\"datePublished\":\"2022-05-18T08:04:52+00:00\",\"dateModified\":\"2022-12-15T16:46:41+00:00\",\"breadcrumb\":{\"@id\":\"https:\/\/www.mudanzaslopez.net\/ca\/blog-2#breadcrumb\"},\"inLanguage\":\"ca\",\"potentialAction\":[{\"@type\":\"ReadAction\",\"target\":[\"https:\/\/www.mudanzaslopez.net\/ca\/blog-2\"]}]},{\"@type\":\"BreadcrumbList\",\"@id\":\"https:\/\/www.mudanzaslopez.net\/ca\/blog-2#breadcrumb\",\"itemListElement\":[{\"@type\":\"ListItem\",\"position\":1,\"name\":\"Portada\",\"item\":\"https:\/\/www.mudanzaslopez.net\/ca\"},{\"@type\":\"ListItem\",\"position\":2,\"name\":\"Blog\"}]},{\"@type\":\"WebSite\",\"@id\":\"https:\/\/www.mudanzaslopez.net\/#website\",\"url\":\"https:\/\/www.mudanzaslopez.net\/\",\"name\":\"Mudanzas L&oacute;pez\",\"description\":\"\",\"publisher\":{\"@id\":\"https:\/\/www.mudanzaslopez.net\/#organization\"},\"potentialAction\":[{\"@type\":\"SearchAction\",\"target\":{\"@type\":\"EntryPoint\",\"urlTemplate\":\"https:\/\/www.mudanzaslopez.net\/?s={search_term_string}\"},\"query-input\":{\"@type\":\"PropertyValueSpecification\",\"valueRequired\":true,\"valueName\":\"search_term_string\"}}],\"inLanguage\":\"ca\"},{\"@type\":\"Organization\",\"@id\":\"https:\/\/www.mudanzaslopez.net\/#organization\",\"name\":\"Mudanzas L&oacute;pez\",\"url\":\"https:\/\/www.mudanzaslopez.net\/\",\"logo\":{\"@type\":\"ImageObject\",\"inLanguage\":\"ca\",\"@id\":\"https:\/\/www.mudanzaslopez.net\/#\/schema\/logo\/image\/\",\"url\":\"https:\/\/www.mudanzaslopez.net\/wp-content\/uploads\/2022\/03\/cropped-cropped-logo_ca.png\",\"contentUrl\":\"https:\/\/www.mudanzaslopez.net\/wp-content\/uploads\/2022\/03\/cropped-cropped-logo_ca.png\",\"width\":309,\"height\":34,\"caption\":\"Mudanzas L&oacute;pez\"},\"image\":{\"@id\":\"https:\/\/www.mudanzaslopez.net\/#\/schema\/logo\/image\/\"}}]}<\/script>\n<!-- \/ Yoast SEO plugin. -->","yoast_head_json":{"title":"Blog - Mudanzas L&oacute;pez","robots":{"index":"index","follow":"follow","max-snippet":"max-snippet:-1","max-image-preview":"max-image-preview:large","max-video-preview":"max-video-preview:-1"},"canonical":"https:\/\/www.mudanzaslopez.net\/ca\/blog-2","og_locale":"ca_ES","og_type":"article","og_title":"Blog - Mudanzas L&oacute;pez","og_description":"Blog Blog Dic15 Balance del a\u00f1o 2021 y prop\u00f3sitos para el 2022 en #mudanzaslopez: Despu\u00e9s de un largo tiempo sin publicar nada, nos decidimos a reaparecer despu\u00e9s de dos a\u00f1os muy intensos para tod@s como han sido el 2020 &#8230; Read More \u2192 Dic15 Actualizaci\u00f3n Covid-19 Seguimos pudiendo ofrecer el servicio de mudanzas, siempre y [&hellip;]","og_url":"https:\/\/www.mudanzaslopez.net\/ca\/blog-2","og_site_name":"Mudanzas L&oacute;pez","article_modified_time":"2022-12-15T16:46:41+00:00","twitter_card":"summary_large_image","twitter_misc":{"Est. reading time":"1 minute"},"schema":{"@context":"https:\/\/schema.org","@graph":[{"@type":"WebPage","@id":"https:\/\/www.mudanzaslopez.net\/ca\/blog-2","url":"https:\/\/www.mudanzaslopez.net\/ca\/blog-2","name":"Blog - Mudanzas L&oacute;pez","isPartOf":{"@id":"https:\/\/www.mudanzaslopez.net\/#website"},"datePublished":"2022-05-18T08:04:52+00:00","dateModified":"2022-12-15T16:46:41+00:00","breadcrumb":{"@id":"https:\/\/www.mudanzaslopez.net\/ca\/blog-2#breadcrumb"},"inLanguage":"ca","potentialAction":[{"@type":"ReadAction","target":["https:\/\/www.mudanzaslopez.net\/ca\/blog-2"]}]},{"@type":"BreadcrumbList","@id":"https:\/\/www.mudanzaslopez.net\/ca\/blog-2#breadcrumb","itemListElement":[{"@type":"ListItem","position":1,"name":"Portada","item":"https:\/\/www.mudanzaslopez.net\/ca"},{"@type":"ListItem","position":2,"name":"Blog"}]},{"@type":"WebSite","@id":"https:\/\/www.mudanzaslopez.net\/#website","url":"https:\/\/www.mudanzaslopez.net\/","name":"Mudanzas L&oacute;pez","description":"","publisher":{"@id":"https:\/\/www.mudanzaslopez.net\/#organization"},"potentialAction":[{"@type":"SearchAction","target":{"@type":"EntryPoint","urlTemplate":"https:\/\/www.mudanzaslopez.net\/?s={search_term_string}"},"query-input":{"@type":"PropertyValueSpecification","valueRequired":true,"valueName":"search_term_string"}}],"inLanguage":"ca"},{"@type":"Organization","@id":"https:\/\/www.mudanzaslopez.net\/#organization","name":"Mudanzas L&oacute;pez","url":"https:\/\/www.mudanzaslopez.net\/","logo":{"@type":"ImageObject","inLanguage":"ca","@id":"https:\/\/www.mudanzaslopez.net\/#\/schema\/logo\/image\/","url":"https:\/\/www.mudanzaslopez.net\/wp-content\/uploads\/2022\/03\/cropped-cropped-logo_ca.png","contentUrl":"https:\/\/www.mudanzaslopez.net\/wp-content\/uploads\/2022\/03\/cropped-cropped-logo_ca.png","width":309,"height":34,"caption":"Mudanzas L&oacute;pez"},"image":{"@id":"https:\/\/www.mudanzaslopez.net\/#\/schema\/logo\/image\/"}}]}},"uagb_featured_image_src":{"full":false,"thumbnail":false,"medium":false,"medium_large":false,"large":false,"1536x1536":false,"2048x2048":false,"bdfe-large-thumb":false,"bdfe-hero-slider-thumb":false},"uagb_author_info":{"display_name":"MudanzasLopez","author_link":"https:\/\/www.mudanzaslopez.net\/ca\/blog\/author\/mudanzaslopez"},"uagb_comment_info":0,"uagb_excerpt":"Blog Blog Dic15 Balance del a\u00f1o 2021 y prop\u00f3sitos para el 2022 en #mudanzaslopez: Despu\u00e9s de un largo tiempo sin publicar nada, nos decidimos a reaparecer despu\u00e9s de dos a\u00f1os muy intensos para tod@s como han sido el 2020 &#8230; Read More \u2192 Dic15 Actualizaci\u00f3n Covid-19 Seguimos pudiendo ofrecer el servicio de mudanzas, siempre y&hellip;","_links":{"self":[{"href":"https:\/\/www.mudanzaslopez.net\/ca\/wp-json\/wp\/v2\/pages\/5733","targetHints":{"allow":["GET"]}}],"collection":[{"href":"https:\/\/www.mudanzaslopez.net\/ca\/wp-json\/wp\/v2\/pages"}],"about":[{"href":"https:\/\/www.mudanzaslopez.net\/ca\/wp-json\/wp\/v2\/types\/page"}],"author":[{"embeddable":true,"href":"https:\/\/www.mudanzaslopez.net\/ca\/wp-json\/wp\/v2\/users\/3"}],"replies":[{"embeddable":true,"href":"https:\/\/www.mudanzaslopez.net\/ca\/wp-json\/wp\/v2\/comments?post=5733"}],"version-history":[{"count":0,"href":"https:\/\/www.mudanzaslopez.net\/ca\/wp-json\/wp\/v2\/pages\/5733\/revisions"}],"wp:attachment":[{"href":"https:\/\/www.mudanzaslopez.net\/ca\/wp-json\/wp\/v2\/media?parent=5733"}],"curies":[{"name":"wp","href":"https:\/\/api.w.org\/{rel}","templated":true}]}}