{"id":5872,"date":"2022-05-10T10:12:37","date_gmt":"2022-05-10T08:12:37","guid":{"rendered":"https:\/\/www.mudanzaslopez.net\/politica-de-cookies"},"modified":"2022-12-15T19:54:28","modified_gmt":"2022-12-15T18:54:28","slug":"politica-de-cookies","status":"publish","type":"page","link":"https:\/\/www.mudanzaslopez.net\/ca\/politica-de-cookies","title":{"rendered":"Pol\u00edtica de Cookies"},"content":{"rendered":"\t\t<div data-elementor-type=\"wp-page\" data-elementor-id=\"5872\" class=\"elementor elementor-5872 elementor-960\" data-elementor-post-type=\"page\">\n\t\t\t\t\t\t<section class=\"elementor-section elementor-top-section elementor-element elementor-element-963dac0 elementor-section-boxed elementor-section-height-default elementor-section-height-default\" data-id=\"963dac0\" data-element_type=\"section\" data-e-type=\"section\">\n\t\t\t\t\t\t<div class=\"elementor-container elementor-column-gap-default\">\n\t\t\t\t\t<div class=\"elementor-column elementor-col-100 elementor-top-column elementor-element elementor-element-1649525\" data-id=\"1649525\" data-element_type=\"column\" data-e-type=\"column\">\n\t\t\t<div class=\"elementor-widget-wrap elementor-element-populated\">\n\t\t\t\t\t\t<section class=\"elementor-section elementor-inner-section elementor-element elementor-element-149c020 elementor-section-boxed elementor-section-height-default elementor-section-height-default\" data-id=\"149c020\" data-element_type=\"section\" data-e-type=\"section\">\n\t\t\t\t\t\t<div class=\"elementor-container elementor-column-gap-default\">\n\t\t\t\t\t<div class=\"elementor-column elementor-col-100 elementor-inner-column elementor-element elementor-element-5a4a703\" data-id=\"5a4a703\" data-element_type=\"column\" data-e-type=\"column\">\n\t\t\t<div class=\"elementor-widget-wrap elementor-element-populated\">\n\t\t\t\t\t\t<div class=\"elementor-element elementor-element-0253002 elementor-widget elementor-widget-heading\" data-id=\"0253002\" data-element_type=\"widget\" data-e-type=\"widget\" data-widget_type=\"heading.default\">\n\t\t\t\t<div class=\"elementor-widget-container\">\n\t\t\t\t\t<h1 class=\"elementor-heading-title elementor-size-large\">Pol\u00edtica de Cookies<\/h1>\t\t\t\t<\/div>\n\t\t\t\t<\/div>\n\t\t\t\t<div class=\"elementor-element elementor-element-3134202 elementor-widget elementor-widget-text-editor\" data-id=\"3134202\" data-element_type=\"widget\" data-e-type=\"widget\" data-widget_type=\"text-editor.default\">\n\t\t\t\t<div class=\"elementor-widget-container\">\n\t\t\t\t\t\t\t\t\t<p><span style=\"font-weight: 400;\">En la p\u00e0gina Pol\u00edtica de Cookies pot consultar tota la informaci\u00f3 relativa a la pol\u00edtica de recollida i tractament de les cookies.<\/span><\/p>\n<p><span style=\"font-weight: 400;\">El Titular nom\u00e9s obt\u00e9 i conserva la seg\u00fcent informaci\u00f3 sobre els visitants del Lloc web:<\/span><\/p>\n<ul>\n<li style=\"font-weight: 400;\" aria-level=\"1\"><span style=\"font-weight: 400;\">El nom de domini del prove\u00efdor (PSI) i\/o adre\u00e7a IP que els dona acc\u00e9s a la xarxa.<\/span><\/li>\n<li style=\"font-weight: 400;\" aria-level=\"1\"><span style=\"font-weight: 400;\">La data i hora d&#8217;acc\u00e9s al lloc web.<\/span><\/li>\n<li style=\"font-weight: 400;\" aria-level=\"1\"><span style=\"font-weight: 400;\">L&#8217;adre\u00e7a d&#8217;Internet origen de l&#8217;enlla\u00e7 que dirigeix al lloc web.<\/span><\/li>\n<li style=\"font-weight: 400;\" aria-level=\"1\"><span style=\"font-weight: 400;\">El nombre de visitants diaris de cada secci\u00f3.<\/span><\/li>\n<li style=\"font-weight: 400;\" aria-level=\"1\"><span style=\"font-weight: 400;\">La informaci\u00f3 obtinguda \u00e9s totalment an\u00f2nima, i en cap cas pot ser associada a un Usuari concret i identificat.<\/span><\/li>\n<\/ul>\n<p><b>Enlla\u00e7os d&#8217;inter\u00e8s a altres llocs web<\/b><\/p>\n<p><span style=\"font-weight: 400;\">El Titular pot proporcionar-li acc\u00e9s a llocs web de tercers mitjan\u00e7ant enlla\u00e7os amb la finalitat d&#8217;informar sobre l&#8217;exist\u00e8ncia d&#8217;altres fonts d&#8217;informaci\u00f3 en Internet en les quals podr\u00e0 ampliar les dades ofertes en el lloc web.<\/span><\/p>\n<p><span style=\"font-weight: 400;\">Aquests enlla\u00e7os a altres llocs web no suposen en cap cas un suggeriment o recomanaci\u00f3 perqu\u00e8 vost\u00e8 visiti les p\u00e0gines web de dest\u00ed, que estan fora del control del Titular, per la qual cosa Titular no \u00e9s responsable del contingut dels llocs web vinculats ni del resultat que obtingui en seguir els enlla\u00e7os.<\/span><\/p>\n<p><span style=\"font-weight: 400;\">Aix\u00ed mateix, el Titular no respon dels links o enlla\u00e7os situats en els llocs web vinculats als quals li proporciona acc\u00e9s.<\/span><\/p>\n<p><span style=\"font-weight: 400;\">L&#8217;establiment de l&#8217;enlla\u00e7 no implica en cap cas l&#8217;exist\u00e8ncia de relacions entre Titular i el propietari del lloc en el qual s&#8217;estableixi l&#8217;enlla\u00e7, ni l&#8217;acceptaci\u00f3 o aprovaci\u00f3 per part del Titular dels seus continguts o serveis.<\/span><\/p>\n<p><span style=\"font-weight: 400;\">Si accedeix a un lloc web extern des d&#8217;un enlla\u00e7 que trobi en el Lloc web vost\u00e8 haur\u00e0 de llegir la pr\u00f2pia pol\u00edtica de privacitat de l&#8217;altre lloc web que pot ser diferent de la d&#8217;aquest lloc web.<\/span><\/p>\n<p><b>Enlla\u00e7os d&#8217;Afiliats i anuncis patrocinats <\/b><b>(opcional)<\/b><\/p>\n<p><span style=\"font-weight: 400;\">El lloc web ofereix continguts patrocinats, anuncis i\/o enlla\u00e7os d&#8217;afiliats.<\/span><\/p>\n<p><span style=\"font-weight: 400;\">La informaci\u00f3 que apareix en aquests enlla\u00e7os d&#8217;afiliats o els anuncis inserits, s\u00f3n facilitats pels propis anunciants, per la qual cosa Titular no es fa responsable de possibles inexactituds o errors que poguessin contenir els anuncis, ni garanteix de cap manera l&#8217;experi\u00e8ncia, integritat o responsabilitat dels anunciants o la qualitat dels seus productes i\/o serveis.<\/span><\/p>\n<p><b>Propietat intel\u00b7lectual i industrial<\/b><\/p>\n<p><span style=\"font-weight: 400;\">Tots els drets estan reservats.<\/span><\/p>\n<p><span style=\"font-weight: 400;\">Tot acc\u00e9s a aquest lloc web est\u00e0 subjecte a les seg\u00fcents condicions: la reproducci\u00f3, magatzematge permanent i la difusi\u00f3 dels continguts o qualsevol altre \u00fas que tingui finalitat p\u00fablica o comercial queda expressament prohibida sense el consentiment previ expr\u00e9s i per escrit de Titular.<\/span><\/p>\n<p><b>Limitaci\u00f3 de responsabilitat<\/b><\/p>\n<p><span style=\"font-weight: 400;\">La informaci\u00f3 i serveis inclosos o disponibles a trav\u00e9s d&#8217;aquest lloc web poden incloure incorreccions o errors tipogr\u00e0fics. De manera peri\u00f2dica el Titular incorpora millores i\/o canvis a la informaci\u00f3 continguda i\/o els Serveis que pot introduir en qualsevol moment.<\/span><\/p>\n<p><span style=\"font-weight: 400;\">El Titular no declara ni garanteix que els serveis o continguts siguin interromputs o que estiguin lliures d&#8217;errors, que els defectes siguin corregits, o que el servei o el servidor que el posa a disposici\u00f3 estiguin lliures de virus o altres components nocius sense perjudici que el Titular realitza tots els esfor\u00e7os a evitar aquest tipus d&#8217;incidents.<\/span><\/p>\n<p><span style=\"font-weight: 400;\">Titular declina qualsevol responsabilitat en cas que existeixin interrupcions o un mal funcionament dels Serveis o continguts oferts en Internet, qualsevol que sigui la seva causa. Aix\u00ed mateix, el Titular no es fa responsable per caigudes de la xarxa, p\u00e8rdues de negoci a conseq\u00fc\u00e8ncia d&#8217;aquestes caigudes, suspensions temporals de fluid el\u00e8ctric o qualsevol altre tipus de mal indirecte que et pugui ser causat per causes alienes al Titular.<\/span><\/p>\n<p><span style=\"font-weight: 400;\">Abans de prendre decisions i\/o accions amb base a la informaci\u00f3 inclosa en el lloc web, el Titular li recomana comprovar i contrastar la informaci\u00f3 rebuda amb altres fonts.<\/span><\/p>\n<p><b>Jurisdicci\u00f3<\/b><\/p>\n<p><span style=\"font-weight: 400;\">Aquest Av\u00eds Legal es regeix \u00edntegrament per la legislaci\u00f3 espanyola.<\/span><\/p>\n<p><span style=\"font-weight: 400;\">Sempre que no hi hagi una norma que obligui a una altra cosa, per a quantes q\u00fcestions se suscitin sobre la interpretaci\u00f3, aplicaci\u00f3 i compliment d&#8217;aquest Av\u00eds Legal, aix\u00ed com de les reclamacions que puguin derivar-se del seu \u00fas, les parts acorden sotmetre&#8217;s als Jutges i Tribunals de la prov\u00edncia de Barcelona, amb ren\u00fancia expressa de qualsevol altra jurisdicci\u00f3 que pogu\u00e9s correspondre&#8217;ls.<\/span><\/p>\n<p><b>Contacte<\/b><\/p>\n<p><span style=\"font-weight: 400;\">En cas que vost\u00e8 tingui qualsevol dubte sobre aquestes Condicions legals o vulgui realitzar qualsevol comentari sobre aquest lloc web, pot enviar un missatge de correu electr\u00f2nic a l&#8217;adre\u00e7a mudanzas@mudanzaslopez.net.<\/span><\/p><\/p>\n\t\t\t\t\t\t\t\t<\/div>\n\t\t\t\t<\/div>\n\t\t\t\t\t<\/div>\n\t\t<\/div>\n\t\t\t\t\t<\/div>\n\t\t<\/section>\n\t\t\t\t\t<\/div>\n\t\t<\/div>\n\t\t\t\t\t<\/div>\n\t\t<\/section>\n\t\t\t\t<\/div>\n\t\t","protected":false},"excerpt":{"rendered":"<p>Pol\u00edtica de Cookies En la p\u00e0gina Pol\u00edtica de Cookies pot consultar tota la informaci\u00f3 relativa a la pol\u00edtica de recollida i tractament de les cookies. El Titular nom\u00e9s obt\u00e9 i conserva la seg\u00fcent informaci\u00f3 sobre els visitants del Lloc web: El nom de domini del prove\u00efdor (PSI) i\/o adre\u00e7a IP que els dona acc\u00e9s a [&hellip;]<\/p>\n","protected":false},"author":3,"featured_media":0,"parent":0,"menu_order":0,"comment_status":"closed","ping_status":"closed","template":"","meta":{"_uag_custom_page_level_css":"","site-sidebar-layout":"no-sidebar","site-content-layout":"page-builder","ast-site-content-layout":"default","site-content-style":"default","site-sidebar-style":"default","ast-global-header-display":"","ast-banner-title-visibility":"","ast-main-header-display":"","ast-hfb-above-header-display":"","ast-hfb-below-header-display":"","ast-hfb-mobile-header-display":"","site-post-title":"disabled","ast-breadcrumbs-content":"","ast-featured-img":"disabled","footer-sml-layout":"","ast-disable-related-posts":"","theme-transparent-header-meta":"","adv-header-id-meta":"","stick-header-meta":"","header-above-stick-meta":"","header-main-stick-meta":"","header-below-stick-meta":"","astra-migrate-meta-layouts":"default","ast-page-background-enabled":"default","ast-page-background-meta":{"desktop":{"background-color":"","background-image":"","background-repeat":"repeat","background-position":"center center","background-size":"auto","background-attachment":"scroll","background-type":"","background-media":"","overlay-type":"","overlay-color":"","overlay-opacity":"","overlay-gradient":""},"tablet":{"background-color":"","background-image":"","background-repeat":"repeat","background-position":"center center","background-size":"auto","background-attachment":"scroll","background-type":"","background-media":"","overlay-type":"","overlay-color":"","overlay-opacity":"","overlay-gradient":""},"mobile":{"background-color":"","background-image":"","background-repeat":"repeat","background-position":"center center","background-size":"auto","background-attachment":"scroll","background-type":"","background-media":"","overlay-type":"","overlay-color":"","overlay-opacity":"","overlay-gradient":""}},"ast-content-background-meta":{"desktop":{"background-color":"var(--ast-global-color-5)","background-image":"","background-repeat":"repeat","background-position":"center center","background-size":"auto","background-attachment":"scroll","background-type":"","background-media":"","overlay-type":"","overlay-color":"","overlay-opacity":"","overlay-gradient":""},"tablet":{"background-color":"var(--ast-global-color-5)","background-image":"","background-repeat":"repeat","background-position":"center center","background-size":"auto","background-attachment":"scroll","background-type":"","background-media":"","overlay-type":"","overlay-color":"","overlay-opacity":"","overlay-gradient":""},"mobile":{"background-color":"var(--ast-global-color-5)","background-image":"","background-repeat":"repeat","background-position":"center center","background-size":"auto","background-attachment":"scroll","background-type":"","background-media":"","overlay-type":"","overlay-color":"","overlay-opacity":"","overlay-gradient":""}},"_joinchat":[],"footnotes":""},"class_list":["post-5872","page","type-page","status-publish","hentry"],"yoast_head":"<!-- This site is optimized with the Yoast SEO plugin v27.1 - https:\/\/yoast.com\/product\/yoast-seo-wordpress\/ -->\n<title>Pol\u00edtica de Cookies - Mudanzas L&oacute;pez<\/title>\n<meta name=\"robots\" content=\"index, follow, max-snippet:-1, max-image-preview:large, max-video-preview:-1\" \/>\n<link rel=\"canonical\" href=\"https:\/\/www.mudanzaslopez.net\/ca\/politica-de-cookies\" \/>\n<meta property=\"og:locale\" content=\"ca_ES\" \/>\n<meta property=\"og:type\" content=\"article\" \/>\n<meta property=\"og:title\" content=\"Pol\u00edtica de Cookies - Mudanzas L&oacute;pez\" \/>\n<meta property=\"og:description\" content=\"Pol\u00edtica de Cookies En la p\u00e0gina Pol\u00edtica de Cookies pot consultar tota la informaci\u00f3 relativa a la pol\u00edtica de recollida i tractament de les cookies. El Titular nom\u00e9s obt\u00e9 i conserva la seg\u00fcent informaci\u00f3 sobre els visitants del Lloc web: El nom de domini del prove\u00efdor (PSI) i\/o adre\u00e7a IP que els dona acc\u00e9s a [&hellip;]\" \/>\n<meta property=\"og:url\" content=\"https:\/\/www.mudanzaslopez.net\/ca\/politica-de-cookies\" \/>\n<meta property=\"og:site_name\" content=\"Mudanzas L&oacute;pez\" \/>\n<meta property=\"article:modified_time\" content=\"2022-12-15T18:54:28+00:00\" \/>\n<meta name=\"twitter:card\" content=\"summary_large_image\" \/>\n<meta name=\"twitter:label1\" content=\"Est. reading time\" \/>\n\t<meta name=\"twitter:data1\" content=\"4 minutes\" \/>\n<script type=\"application\/ld+json\" class=\"yoast-schema-graph\">{\"@context\":\"https:\/\/schema.org\",\"@graph\":[{\"@type\":\"WebPage\",\"@id\":\"https:\/\/www.mudanzaslopez.net\/ca\/politica-de-cookies\",\"url\":\"https:\/\/www.mudanzaslopez.net\/ca\/politica-de-cookies\",\"name\":\"Pol\u00edtica de Cookies - Mudanzas L&oacute;pez\",\"isPartOf\":{\"@id\":\"https:\/\/www.mudanzaslopez.net\/#website\"},\"datePublished\":\"2022-05-10T08:12:37+00:00\",\"dateModified\":\"2022-12-15T18:54:28+00:00\",\"breadcrumb\":{\"@id\":\"https:\/\/www.mudanzaslopez.net\/ca\/politica-de-cookies#breadcrumb\"},\"inLanguage\":\"ca\",\"potentialAction\":[{\"@type\":\"ReadAction\",\"target\":[\"https:\/\/www.mudanzaslopez.net\/ca\/politica-de-cookies\"]}]},{\"@type\":\"BreadcrumbList\",\"@id\":\"https:\/\/www.mudanzaslopez.net\/ca\/politica-de-cookies#breadcrumb\",\"itemListElement\":[{\"@type\":\"ListItem\",\"position\":1,\"name\":\"Portada\",\"item\":\"https:\/\/www.mudanzaslopez.net\/ca\"},{\"@type\":\"ListItem\",\"position\":2,\"name\":\"Pol\u00edtica de Cookies\"}]},{\"@type\":\"WebSite\",\"@id\":\"https:\/\/www.mudanzaslopez.net\/#website\",\"url\":\"https:\/\/www.mudanzaslopez.net\/\",\"name\":\"Mudanzas L&oacute;pez\",\"description\":\"\",\"publisher\":{\"@id\":\"https:\/\/www.mudanzaslopez.net\/#organization\"},\"potentialAction\":[{\"@type\":\"SearchAction\",\"target\":{\"@type\":\"EntryPoint\",\"urlTemplate\":\"https:\/\/www.mudanzaslopez.net\/?s={search_term_string}\"},\"query-input\":{\"@type\":\"PropertyValueSpecification\",\"valueRequired\":true,\"valueName\":\"search_term_string\"}}],\"inLanguage\":\"ca\"},{\"@type\":\"Organization\",\"@id\":\"https:\/\/www.mudanzaslopez.net\/#organization\",\"name\":\"Mudanzas L&oacute;pez\",\"url\":\"https:\/\/www.mudanzaslopez.net\/\",\"logo\":{\"@type\":\"ImageObject\",\"inLanguage\":\"ca\",\"@id\":\"https:\/\/www.mudanzaslopez.net\/#\/schema\/logo\/image\/\",\"url\":\"https:\/\/www.mudanzaslopez.net\/wp-content\/uploads\/2022\/03\/cropped-cropped-logo_ca.png\",\"contentUrl\":\"https:\/\/www.mudanzaslopez.net\/wp-content\/uploads\/2022\/03\/cropped-cropped-logo_ca.png\",\"width\":309,\"height\":34,\"caption\":\"Mudanzas L&oacute;pez\"},\"image\":{\"@id\":\"https:\/\/www.mudanzaslopez.net\/#\/schema\/logo\/image\/\"}}]}<\/script>\n<!-- \/ Yoast SEO plugin. -->","yoast_head_json":{"title":"Pol\u00edtica de Cookies - Mudanzas L&oacute;pez","robots":{"index":"index","follow":"follow","max-snippet":"max-snippet:-1","max-image-preview":"max-image-preview:large","max-video-preview":"max-video-preview:-1"},"canonical":"https:\/\/www.mudanzaslopez.net\/ca\/politica-de-cookies","og_locale":"ca_ES","og_type":"article","og_title":"Pol\u00edtica de Cookies - Mudanzas L&oacute;pez","og_description":"Pol\u00edtica de Cookies En la p\u00e0gina Pol\u00edtica de Cookies pot consultar tota la informaci\u00f3 relativa a la pol\u00edtica de recollida i tractament de les cookies. El Titular nom\u00e9s obt\u00e9 i conserva la seg\u00fcent informaci\u00f3 sobre els visitants del Lloc web: El nom de domini del prove\u00efdor (PSI) i\/o adre\u00e7a IP que els dona acc\u00e9s a [&hellip;]","og_url":"https:\/\/www.mudanzaslopez.net\/ca\/politica-de-cookies","og_site_name":"Mudanzas L&oacute;pez","article_modified_time":"2022-12-15T18:54:28+00:00","twitter_card":"summary_large_image","twitter_misc":{"Est. reading time":"4 minutes"},"schema":{"@context":"https:\/\/schema.org","@graph":[{"@type":"WebPage","@id":"https:\/\/www.mudanzaslopez.net\/ca\/politica-de-cookies","url":"https:\/\/www.mudanzaslopez.net\/ca\/politica-de-cookies","name":"Pol\u00edtica de Cookies - Mudanzas L&oacute;pez","isPartOf":{"@id":"https:\/\/www.mudanzaslopez.net\/#website"},"datePublished":"2022-05-10T08:12:37+00:00","dateModified":"2022-12-15T18:54:28+00:00","breadcrumb":{"@id":"https:\/\/www.mudanzaslopez.net\/ca\/politica-de-cookies#breadcrumb"},"inLanguage":"ca","potentialAction":[{"@type":"ReadAction","target":["https:\/\/www.mudanzaslopez.net\/ca\/politica-de-cookies"]}]},{"@type":"BreadcrumbList","@id":"https:\/\/www.mudanzaslopez.net\/ca\/politica-de-cookies#breadcrumb","itemListElement":[{"@type":"ListItem","position":1,"name":"Portada","item":"https:\/\/www.mudanzaslopez.net\/ca"},{"@type":"ListItem","position":2,"name":"Pol\u00edtica de Cookies"}]},{"@type":"WebSite","@id":"https:\/\/www.mudanzaslopez.net\/#website","url":"https:\/\/www.mudanzaslopez.net\/","name":"Mudanzas L&oacute;pez","description":"","publisher":{"@id":"https:\/\/www.mudanzaslopez.net\/#organization"},"potentialAction":[{"@type":"SearchAction","target":{"@type":"EntryPoint","urlTemplate":"https:\/\/www.mudanzaslopez.net\/?s={search_term_string}"},"query-input":{"@type":"PropertyValueSpecification","valueRequired":true,"valueName":"search_term_string"}}],"inLanguage":"ca"},{"@type":"Organization","@id":"https:\/\/www.mudanzaslopez.net\/#organization","name":"Mudanzas L&oacute;pez","url":"https:\/\/www.mudanzaslopez.net\/","logo":{"@type":"ImageObject","inLanguage":"ca","@id":"https:\/\/www.mudanzaslopez.net\/#\/schema\/logo\/image\/","url":"https:\/\/www.mudanzaslopez.net\/wp-content\/uploads\/2022\/03\/cropped-cropped-logo_ca.png","contentUrl":"https:\/\/www.mudanzaslopez.net\/wp-content\/uploads\/2022\/03\/cropped-cropped-logo_ca.png","width":309,"height":34,"caption":"Mudanzas L&oacute;pez"},"image":{"@id":"https:\/\/www.mudanzaslopez.net\/#\/schema\/logo\/image\/"}}]}},"uagb_featured_image_src":{"full":false,"thumbnail":false,"medium":false,"medium_large":false,"large":false,"1536x1536":false,"2048x2048":false,"bdfe-large-thumb":false,"bdfe-hero-slider-thumb":false},"uagb_author_info":{"display_name":"MudanzasLopez","author_link":"https:\/\/www.mudanzaslopez.net\/ca\/blog\/author\/mudanzaslopez"},"uagb_comment_info":0,"uagb_excerpt":"Pol\u00edtica de Cookies En la p\u00e0gina Pol\u00edtica de Cookies pot consultar tota la informaci\u00f3 relativa a la pol\u00edtica de recollida i tractament de les cookies. El Titular nom\u00e9s obt\u00e9 i conserva la seg\u00fcent informaci\u00f3 sobre els visitants del Lloc web: El nom de domini del prove\u00efdor (PSI) i\/o adre\u00e7a IP que els dona acc\u00e9s a&hellip;","_links":{"self":[{"href":"https:\/\/www.mudanzaslopez.net\/ca\/wp-json\/wp\/v2\/pages\/5872","targetHints":{"allow":["GET"]}}],"collection":[{"href":"https:\/\/www.mudanzaslopez.net\/ca\/wp-json\/wp\/v2\/pages"}],"about":[{"href":"https:\/\/www.mudanzaslopez.net\/ca\/wp-json\/wp\/v2\/types\/page"}],"author":[{"embeddable":true,"href":"https:\/\/www.mudanzaslopez.net\/ca\/wp-json\/wp\/v2\/users\/3"}],"replies":[{"embeddable":true,"href":"https:\/\/www.mudanzaslopez.net\/ca\/wp-json\/wp\/v2\/comments?post=5872"}],"version-history":[{"count":0,"href":"https:\/\/www.mudanzaslopez.net\/ca\/wp-json\/wp\/v2\/pages\/5872\/revisions"}],"wp:attachment":[{"href":"https:\/\/www.mudanzaslopez.net\/ca\/wp-json\/wp\/v2\/media?parent=5872"}],"curies":[{"name":"wp","href":"https:\/\/api.w.org\/{rel}","templated":true}]}}