{"id":5876,"date":"2022-05-10T10:12:49","date_gmt":"2022-05-10T08:12:49","guid":{"rendered":"https:\/\/www.mudanzaslopez.net\/avis-legal"},"modified":"2022-12-15T21:23:20","modified_gmt":"2022-12-15T20:23:20","slug":"avis-legal","status":"publish","type":"page","link":"https:\/\/www.mudanzaslopez.net\/ca\/avis-legal","title":{"rendered":"Av\u00eds legal"},"content":{"rendered":"\t\t<div data-elementor-type=\"wp-page\" data-elementor-id=\"5876\" class=\"elementor elementor-5876 elementor-962\" data-elementor-post-type=\"page\">\n\t\t\t\t\t\t<section class=\"elementor-section elementor-top-section elementor-element elementor-element-9c038ce elementor-section-boxed elementor-section-height-default elementor-section-height-default\" data-id=\"9c038ce\" data-element_type=\"section\" data-e-type=\"section\">\n\t\t\t\t\t\t<div class=\"elementor-container elementor-column-gap-default\">\n\t\t\t\t\t<div class=\"elementor-column elementor-col-100 elementor-top-column elementor-element elementor-element-3cf8a0d\" data-id=\"3cf8a0d\" data-element_type=\"column\" data-e-type=\"column\">\n\t\t\t<div class=\"elementor-widget-wrap elementor-element-populated\">\n\t\t\t\t\t\t<section class=\"elementor-section elementor-inner-section elementor-element elementor-element-b7962af elementor-section-boxed elementor-section-height-default elementor-section-height-default\" data-id=\"b7962af\" data-element_type=\"section\" data-e-type=\"section\">\n\t\t\t\t\t\t<div class=\"elementor-container elementor-column-gap-default\">\n\t\t\t\t\t<div class=\"elementor-column elementor-col-100 elementor-inner-column elementor-element elementor-element-e023019\" data-id=\"e023019\" data-element_type=\"column\" data-e-type=\"column\">\n\t\t\t<div class=\"elementor-widget-wrap elementor-element-populated\">\n\t\t\t\t\t\t<div class=\"elementor-element elementor-element-f26946c elementor-widget elementor-widget-heading\" data-id=\"f26946c\" data-element_type=\"widget\" data-e-type=\"widget\" data-widget_type=\"heading.default\">\n\t\t\t\t<div class=\"elementor-widget-container\">\n\t\t\t\t\t<h1 class=\"elementor-heading-title elementor-size-large\">AV\u00cdS LEGAL<\/h1>\t\t\t\t<\/div>\n\t\t\t\t<\/div>\n\t\t\t\t<div class=\"elementor-element elementor-element-316c4f6 elementor-widget elementor-widget-text-editor\" data-id=\"316c4f6\" data-element_type=\"widget\" data-e-type=\"widget\" data-widget_type=\"text-editor.default\">\n\t\t\t\t<div class=\"elementor-widget-container\">\n\t\t\t\t\t\t\t\t\t<p><span style=\"font-style: inherit; background-color: var(--ast-global-color-4); color: var(--ast-global-color-3);\">En compliment de l&#8217;article 10 de la Llei 34 \/ 2002, d&#8217;11 de juliol, de Serveis de la Societat de la Informaci\u00f3 i Comer\u00e7 Electr\u00f2nic, el Titular exposa les seves dades identificatives.<\/span><\/p>\n<ul>\n<li style=\"font-weight: 400;\" aria-level=\"1\"><b>Titular:<\/b><span style=\"font-weight: 400;\"> Mudanzas L\u00f3pez, S.A.<\/span><\/li>\n<li style=\"font-weight: 400;\" aria-level=\"1\"><b>Registre mercantil :<\/b><span style=\"font-weight: 400;\"> inscrita en el Registre Mercantil de Barcelona al tom 6763 foli 51 fulla n\u00famero B47658, incripci\u00f3n 5a <\/span><\/li>\n<li style=\"font-weight: 400;\" aria-level=\"1\"><b>NIF:<\/b><span style=\"font-weight: 400;\"> A08597858<\/span><\/li>\n<li style=\"font-weight: 400;\" aria-level=\"1\"><b>Domicili:<\/b><span style=\"font-weight: 400;\"> C\/ Praga 48-50 bajos<\/span><\/li>\n<li style=\"font-weight: 400;\" aria-level=\"1\"><b>Correu electr\u00f2nic :<\/b><span style=\"font-weight: 400;\"> mudanzas@mudanzaslopez.net.<\/span><\/li>\n<li style=\"font-weight: 400;\" aria-level=\"1\"><b>Lloc Web<\/b><span style=\"font-weight: 400;\"> www.mudanzaslopez.net<\/span><\/li>\n<\/ul>\n<p><b>Finalitat<\/b><\/p>\n<p><span style=\"font-weight: 400;\">La finalitat del lloc web <\/span><a href=\"http:\/\/www.mudanzaslopez.net\"><span style=\"font-weight: 400;\">www.mudanzaslopez.net<\/span><\/a><span style=\"font-weight: 400;\"> t\u00e9 per objecte donar a con\u00e8ixer els serveis de l&#8217;entitat i permetre l&#8217;acc\u00e9s general de tots els usuaris d&#8217;Internet.<\/span><\/p>\n<p><b>Condicions d&#8217;\u00das<\/b><\/p>\n<p><span style=\"font-weight: 400;\">La utilitzaci\u00f3 del lloc web li atorga la condici\u00f3 d&#8217;Usuari, i implica l&#8217;acceptaci\u00f3 completa de totes les cl\u00e0usules i condicions d&#8217;\u00fas incloses en les p\u00e0gines:<\/span><\/p>\n<ul>\n<li style=\"font-weight: 400;\" aria-level=\"1\"><span style=\"font-weight: 400;\">Av\u00eds Legal<\/span><\/li>\n<li style=\"font-weight: 400;\" aria-level=\"1\"><span style=\"font-weight: 400;\">Pol\u00edtica de Privacitat<\/span><\/li>\n<li style=\"font-weight: 400;\" aria-level=\"1\"><span style=\"font-weight: 400;\">Pol\u00edtica de Cookies<\/span><\/li>\n<\/ul>\n<p><span style=\"font-weight: 400;\">Si no estigu\u00e9s conforme amb totes i cadascuna d&#8217;aquestes cl\u00e0usules i condicions abstingui&#8217;s d&#8217;utilitzar aquest lloc web.<\/span><\/p>\n<p><span style=\"font-weight: 400;\">L&#8217;acc\u00e9s a aquest lloc web no suposa, de cap manera, l&#8217;inici d&#8217;una relaci\u00f3 comercial amb el Titular.<\/span><\/p>\n<p><span style=\"font-weight: 400;\">A trav\u00e9s d&#8217;aquest lloc web, el Titular li facilita l&#8217;acc\u00e9s i la utilitzaci\u00f3 de diversos continguts que el Titular o els seus col\u00b7laboradors han publicat per mitj\u00e0 d&#8217;Internet.<\/span><\/p>\n<p><span style=\"font-weight: 400;\">A aquest efecte, vost\u00e8 est\u00e0 obligat i comprom\u00e8s a NO utilitzar qualsevol dels continguts del lloc web amb finalitats o efectes il\u00b7l\u00edcits, prohibits en aquest Av\u00eds Legal o per la legislaci\u00f3 vigent, lesius dels drets i interessos de tercers, o que de qualsevol forma puguin danyar, inutilitzar, sobrecarregar, deteriorar o impedir la normal utilitzaci\u00f3 dels continguts, els equips inform\u00e0tics o els documents, arxius i tota classe de continguts emmagatzemats en qualsevol equip inform\u00e0tic propis o contractats pel Titular, d&#8217;altres usuaris o de qualsevol usuari d&#8217;Internet.<\/span><\/p>\n<p><b>Comentaris <\/b><\/p>\n<p><span style=\"font-weight: 400;\">El Titular es reserva el dret de retirar tots aquells comentaris que vulnerin la legislaci\u00f3 vigent, lesius dels drets o interessos de tercers, o que, al seu judici, no resultin adequats per a la seva publicaci\u00f3.<\/span><\/p>\n<p><span style=\"font-weight: 400;\">El Titular no ser\u00e0 responsable de les opinions abocades pels usuaris a trav\u00e9s del sistema de comentaris, xarxes socials o altres eines de participaci\u00f3, conforme al que es preveu en la normativa d&#8217;aplicaci\u00f3.<\/span><\/p>\n<p><b>Mesures de seguretat<\/b><\/p>\n<p><span style=\"font-weight: 400;\">Les dades personals que faciliti al Titular poden ser emmagatzemats en bases de dades automatitzades o no, la titularitat de les quals correspon en exclusiva al Titular, que assumeix totes les mesures d&#8217;\u00edndole t\u00e8cnica, organitzativa i de seguretat que garanteixen la confidencialitat, integritat i qualitat de la informaci\u00f3 continguda en les mateixes d&#8217;acord amb el que s&#8217;estableix en la normativa vigent en protecci\u00f3 de dades.<\/span><\/p>\n<p><span style=\"font-weight: 400;\">No obstant aix\u00f2, ha de ser conscient que les mesures de seguretat dels sistemes inform\u00e0tics en Internet no s\u00f3n enterament fiables i que, per tant el Titular no pot garantir la inexist\u00e8ncia de virus o altres elements que puguin produir alteracions en els sistemes inform\u00e0tics (programari i maquinari) de l&#8217;Usuari o en els seus documents electr\u00f2nics i fitxers continguts en els mateixos encara que el Titular posa tots els mitjans necessaris i presa les mesures de seguretat oportunes per a evitar la pres\u00e8ncia d&#8217;aquests elements nocius.<\/span><\/p>\n<p><b>Dades personals<\/b><\/p>\n<p><span style=\"font-weight: 400;\">Usted puede consultar toda la informaci\u00f3n relativa al tratamiento de datos personales que recoge el Titular en la p\u00e1gina de la Pol\u00edtica de Privacidad.<\/span><\/p>\n<p><b>Continguts<\/b><\/p>\n<p><span style=\"font-weight: 400;\">El Titular ha obtingut la informaci\u00f3, el contingut multim\u00e8dia i els materials inclosos en el lloc web de fonts que considera fiables, per\u00f2, si b\u00e9 ha pres totes les mesures raonables per a assegurar que la informaci\u00f3 continguda \u00e9s correcta, el Titular no garanteix que sigui exacta, completa o actualitzada. El Titular declina expressament qualsevol responsabilitat per error o omissi\u00f3 en la informaci\u00f3 continguda en les p\u00e0gines d&#8217;aquest lloc web.<\/span><\/p>\n<p><span style=\"font-weight: 400;\">Queda prohibit transmetre o enviar a trav\u00e9s del lloc web qualsevol contingut il\u00b7legal o il\u00b7l\u00edcit, virus inform\u00e0tics, o missatges que, en general, afectin o violin drets del Titular o de tercers.<\/span><\/p>\n<p><span style=\"font-weight: 400;\">Els continguts del Lloc web tenen \u00fanicament una finalitat informativa i sota cap circumst\u00e0ncia han d&#8217;usar-se ni considerar-se com a oferta de venda, sol\u00b7licitud d&#8217;una oferta de compra ni recomanaci\u00f3 per a realitzar qualsevol altra operaci\u00f3, tret que aix\u00ed s&#8217;indiqui expressament.<\/span><\/p>\n<p><span style=\"font-weight: 400;\">El Titular es reserva el dret a modificar, suspendre, cancel\u00b7lar o restringir el contingut del Lloc web, els vincles o la informaci\u00f3 obtinguda a trav\u00e9s del lloc web, sense necessitat de previ av\u00eds.<\/span><\/p>\n<p><span style=\"font-weight: 400;\">El Titular no \u00e9s responsable dels danys i perjudicis que poguessin derivar-se de la utilitzaci\u00f3 de la informaci\u00f3 del lloc web o de la continguda en les xarxes socials del Titular.<\/span><\/p>\n\t\t\t\t\t\t\t\t<\/div>\n\t\t\t\t<\/div>\n\t\t\t\t\t<\/div>\n\t\t<\/div>\n\t\t\t\t\t<\/div>\n\t\t<\/section>\n\t\t\t\t\t<\/div>\n\t\t<\/div>\n\t\t\t\t\t<\/div>\n\t\t<\/section>\n\t\t\t\t<\/div>\n\t\t","protected":false},"excerpt":{"rendered":"<p>AV\u00cdS LEGAL En compliment de l&#8217;article 10 de la Llei 34 \/ 2002, d&#8217;11 de juliol, de Serveis de la Societat de la Informaci\u00f3 i Comer\u00e7 Electr\u00f2nic, el Titular exposa les seves dades identificatives. Titular: Mudanzas L\u00f3pez, S.A. Registre mercantil : inscrita en el Registre Mercantil de Barcelona al tom 6763 foli 51 fulla n\u00famero [&hellip;]<\/p>\n","protected":false},"author":3,"featured_media":0,"parent":0,"menu_order":0,"comment_status":"closed","ping_status":"closed","template":"","meta":{"_uag_custom_page_level_css":"","site-sidebar-layout":"no-sidebar","site-content-layout":"page-builder","ast-site-content-layout":"default","site-content-style":"default","site-sidebar-style":"default","ast-global-header-display":"","ast-banner-title-visibility":"","ast-main-header-display":"","ast-hfb-above-header-display":"","ast-hfb-below-header-display":"","ast-hfb-mobile-header-display":"","site-post-title":"disabled","ast-breadcrumbs-content":"","ast-featured-img":"disabled","footer-sml-layout":"","ast-disable-related-posts":"","theme-transparent-header-meta":"","adv-header-id-meta":"","stick-header-meta":"","header-above-stick-meta":"","header-main-stick-meta":"","header-below-stick-meta":"","astra-migrate-meta-layouts":"default","ast-page-background-enabled":"default","ast-page-background-meta":{"desktop":{"background-color":"","background-image":"","background-repeat":"repeat","background-position":"center center","background-size":"auto","background-attachment":"scroll","background-type":"","background-media":"","overlay-type":"","overlay-color":"","overlay-opacity":"","overlay-gradient":""},"tablet":{"background-color":"","background-image":"","background-repeat":"repeat","background-position":"center center","background-size":"auto","background-attachment":"scroll","background-type":"","background-media":"","overlay-type":"","overlay-color":"","overlay-opacity":"","overlay-gradient":""},"mobile":{"background-color":"","background-image":"","background-repeat":"repeat","background-position":"center center","background-size":"auto","background-attachment":"scroll","background-type":"","background-media":"","overlay-type":"","overlay-color":"","overlay-opacity":"","overlay-gradient":""}},"ast-content-background-meta":{"desktop":{"background-color":"var(--ast-global-color-5)","background-image":"","background-repeat":"repeat","background-position":"center center","background-size":"auto","background-attachment":"scroll","background-type":"","background-media":"","overlay-type":"","overlay-color":"","overlay-opacity":"","overlay-gradient":""},"tablet":{"background-color":"var(--ast-global-color-5)","background-image":"","background-repeat":"repeat","background-position":"center center","background-size":"auto","background-attachment":"scroll","background-type":"","background-media":"","overlay-type":"","overlay-color":"","overlay-opacity":"","overlay-gradient":""},"mobile":{"background-color":"var(--ast-global-color-5)","background-image":"","background-repeat":"repeat","background-position":"center center","background-size":"auto","background-attachment":"scroll","background-type":"","background-media":"","overlay-type":"","overlay-color":"","overlay-opacity":"","overlay-gradient":""}},"_joinchat":[],"footnotes":""},"class_list":["post-5876","page","type-page","status-publish","hentry"],"yoast_head":"<!-- This site is optimized with the Yoast SEO plugin v27.1 - https:\/\/yoast.com\/product\/yoast-seo-wordpress\/ -->\n<title>Av\u00eds legal - Mudanzas L&oacute;pez<\/title>\n<meta name=\"robots\" content=\"index, follow, max-snippet:-1, max-image-preview:large, max-video-preview:-1\" \/>\n<link rel=\"canonical\" href=\"https:\/\/www.mudanzaslopez.net\/ca\/avis-legal\" \/>\n<meta property=\"og:locale\" content=\"ca_ES\" \/>\n<meta property=\"og:type\" content=\"article\" \/>\n<meta property=\"og:title\" content=\"Av\u00eds legal - Mudanzas L&oacute;pez\" \/>\n<meta property=\"og:description\" content=\"AV\u00cdS LEGAL En compliment de l&#8217;article 10 de la Llei 34 \/ 2002, d&#8217;11 de juliol, de Serveis de la Societat de la Informaci\u00f3 i Comer\u00e7 Electr\u00f2nic, el Titular exposa les seves dades identificatives. Titular: Mudanzas L\u00f3pez, S.A. Registre mercantil : inscrita en el Registre Mercantil de Barcelona al tom 6763 foli 51 fulla n\u00famero [&hellip;]\" \/>\n<meta property=\"og:url\" content=\"https:\/\/www.mudanzaslopez.net\/ca\/avis-legal\" \/>\n<meta property=\"og:site_name\" content=\"Mudanzas L&oacute;pez\" \/>\n<meta property=\"article:modified_time\" content=\"2022-12-15T20:23:20+00:00\" \/>\n<meta name=\"twitter:card\" content=\"summary_large_image\" \/>\n<meta name=\"twitter:label1\" content=\"Est. reading time\" \/>\n\t<meta name=\"twitter:data1\" content=\"4 minutes\" \/>\n<script type=\"application\/ld+json\" class=\"yoast-schema-graph\">{\"@context\":\"https:\/\/schema.org\",\"@graph\":[{\"@type\":\"WebPage\",\"@id\":\"https:\/\/www.mudanzaslopez.net\/ca\/avis-legal\",\"url\":\"https:\/\/www.mudanzaslopez.net\/ca\/avis-legal\",\"name\":\"Av\u00eds legal - Mudanzas L&oacute;pez\",\"isPartOf\":{\"@id\":\"https:\/\/www.mudanzaslopez.net\/#website\"},\"datePublished\":\"2022-05-10T08:12:49+00:00\",\"dateModified\":\"2022-12-15T20:23:20+00:00\",\"breadcrumb\":{\"@id\":\"https:\/\/www.mudanzaslopez.net\/ca\/avis-legal#breadcrumb\"},\"inLanguage\":\"ca\",\"potentialAction\":[{\"@type\":\"ReadAction\",\"target\":[\"https:\/\/www.mudanzaslopez.net\/ca\/avis-legal\"]}]},{\"@type\":\"BreadcrumbList\",\"@id\":\"https:\/\/www.mudanzaslopez.net\/ca\/avis-legal#breadcrumb\",\"itemListElement\":[{\"@type\":\"ListItem\",\"position\":1,\"name\":\"Portada\",\"item\":\"https:\/\/www.mudanzaslopez.net\/ca\"},{\"@type\":\"ListItem\",\"position\":2,\"name\":\"Av\u00eds legal\"}]},{\"@type\":\"WebSite\",\"@id\":\"https:\/\/www.mudanzaslopez.net\/#website\",\"url\":\"https:\/\/www.mudanzaslopez.net\/\",\"name\":\"Mudanzas L&oacute;pez\",\"description\":\"\",\"publisher\":{\"@id\":\"https:\/\/www.mudanzaslopez.net\/#organization\"},\"potentialAction\":[{\"@type\":\"SearchAction\",\"target\":{\"@type\":\"EntryPoint\",\"urlTemplate\":\"https:\/\/www.mudanzaslopez.net\/?s={search_term_string}\"},\"query-input\":{\"@type\":\"PropertyValueSpecification\",\"valueRequired\":true,\"valueName\":\"search_term_string\"}}],\"inLanguage\":\"ca\"},{\"@type\":\"Organization\",\"@id\":\"https:\/\/www.mudanzaslopez.net\/#organization\",\"name\":\"Mudanzas L&oacute;pez\",\"url\":\"https:\/\/www.mudanzaslopez.net\/\",\"logo\":{\"@type\":\"ImageObject\",\"inLanguage\":\"ca\",\"@id\":\"https:\/\/www.mudanzaslopez.net\/#\/schema\/logo\/image\/\",\"url\":\"https:\/\/www.mudanzaslopez.net\/wp-content\/uploads\/2022\/03\/cropped-cropped-logo_ca.png\",\"contentUrl\":\"https:\/\/www.mudanzaslopez.net\/wp-content\/uploads\/2022\/03\/cropped-cropped-logo_ca.png\",\"width\":309,\"height\":34,\"caption\":\"Mudanzas L&oacute;pez\"},\"image\":{\"@id\":\"https:\/\/www.mudanzaslopez.net\/#\/schema\/logo\/image\/\"}}]}<\/script>\n<!-- \/ Yoast SEO plugin. -->","yoast_head_json":{"title":"Av\u00eds legal - Mudanzas L&oacute;pez","robots":{"index":"index","follow":"follow","max-snippet":"max-snippet:-1","max-image-preview":"max-image-preview:large","max-video-preview":"max-video-preview:-1"},"canonical":"https:\/\/www.mudanzaslopez.net\/ca\/avis-legal","og_locale":"ca_ES","og_type":"article","og_title":"Av\u00eds legal - Mudanzas L&oacute;pez","og_description":"AV\u00cdS LEGAL En compliment de l&#8217;article 10 de la Llei 34 \/ 2002, d&#8217;11 de juliol, de Serveis de la Societat de la Informaci\u00f3 i Comer\u00e7 Electr\u00f2nic, el Titular exposa les seves dades identificatives. Titular: Mudanzas L\u00f3pez, S.A. Registre mercantil : inscrita en el Registre Mercantil de Barcelona al tom 6763 foli 51 fulla n\u00famero [&hellip;]","og_url":"https:\/\/www.mudanzaslopez.net\/ca\/avis-legal","og_site_name":"Mudanzas L&oacute;pez","article_modified_time":"2022-12-15T20:23:20+00:00","twitter_card":"summary_large_image","twitter_misc":{"Est. reading time":"4 minutes"},"schema":{"@context":"https:\/\/schema.org","@graph":[{"@type":"WebPage","@id":"https:\/\/www.mudanzaslopez.net\/ca\/avis-legal","url":"https:\/\/www.mudanzaslopez.net\/ca\/avis-legal","name":"Av\u00eds legal - Mudanzas L&oacute;pez","isPartOf":{"@id":"https:\/\/www.mudanzaslopez.net\/#website"},"datePublished":"2022-05-10T08:12:49+00:00","dateModified":"2022-12-15T20:23:20+00:00","breadcrumb":{"@id":"https:\/\/www.mudanzaslopez.net\/ca\/avis-legal#breadcrumb"},"inLanguage":"ca","potentialAction":[{"@type":"ReadAction","target":["https:\/\/www.mudanzaslopez.net\/ca\/avis-legal"]}]},{"@type":"BreadcrumbList","@id":"https:\/\/www.mudanzaslopez.net\/ca\/avis-legal#breadcrumb","itemListElement":[{"@type":"ListItem","position":1,"name":"Portada","item":"https:\/\/www.mudanzaslopez.net\/ca"},{"@type":"ListItem","position":2,"name":"Av\u00eds legal"}]},{"@type":"WebSite","@id":"https:\/\/www.mudanzaslopez.net\/#website","url":"https:\/\/www.mudanzaslopez.net\/","name":"Mudanzas L&oacute;pez","description":"","publisher":{"@id":"https:\/\/www.mudanzaslopez.net\/#organization"},"potentialAction":[{"@type":"SearchAction","target":{"@type":"EntryPoint","urlTemplate":"https:\/\/www.mudanzaslopez.net\/?s={search_term_string}"},"query-input":{"@type":"PropertyValueSpecification","valueRequired":true,"valueName":"search_term_string"}}],"inLanguage":"ca"},{"@type":"Organization","@id":"https:\/\/www.mudanzaslopez.net\/#organization","name":"Mudanzas L&oacute;pez","url":"https:\/\/www.mudanzaslopez.net\/","logo":{"@type":"ImageObject","inLanguage":"ca","@id":"https:\/\/www.mudanzaslopez.net\/#\/schema\/logo\/image\/","url":"https:\/\/www.mudanzaslopez.net\/wp-content\/uploads\/2022\/03\/cropped-cropped-logo_ca.png","contentUrl":"https:\/\/www.mudanzaslopez.net\/wp-content\/uploads\/2022\/03\/cropped-cropped-logo_ca.png","width":309,"height":34,"caption":"Mudanzas L&oacute;pez"},"image":{"@id":"https:\/\/www.mudanzaslopez.net\/#\/schema\/logo\/image\/"}}]}},"uagb_featured_image_src":{"full":false,"thumbnail":false,"medium":false,"medium_large":false,"large":false,"1536x1536":false,"2048x2048":false,"bdfe-large-thumb":false,"bdfe-hero-slider-thumb":false},"uagb_author_info":{"display_name":"MudanzasLopez","author_link":"https:\/\/www.mudanzaslopez.net\/ca\/blog\/author\/mudanzaslopez"},"uagb_comment_info":0,"uagb_excerpt":"AV\u00cdS LEGAL En compliment de l&#8217;article 10 de la Llei 34 \/ 2002, d&#8217;11 de juliol, de Serveis de la Societat de la Informaci\u00f3 i Comer\u00e7 Electr\u00f2nic, el Titular exposa les seves dades identificatives. Titular: Mudanzas L\u00f3pez, S.A. Registre mercantil : inscrita en el Registre Mercantil de Barcelona al tom 6763 foli 51 fulla n\u00famero&hellip;","_links":{"self":[{"href":"https:\/\/www.mudanzaslopez.net\/ca\/wp-json\/wp\/v2\/pages\/5876","targetHints":{"allow":["GET"]}}],"collection":[{"href":"https:\/\/www.mudanzaslopez.net\/ca\/wp-json\/wp\/v2\/pages"}],"about":[{"href":"https:\/\/www.mudanzaslopez.net\/ca\/wp-json\/wp\/v2\/types\/page"}],"author":[{"embeddable":true,"href":"https:\/\/www.mudanzaslopez.net\/ca\/wp-json\/wp\/v2\/users\/3"}],"replies":[{"embeddable":true,"href":"https:\/\/www.mudanzaslopez.net\/ca\/wp-json\/wp\/v2\/comments?post=5876"}],"version-history":[{"count":0,"href":"https:\/\/www.mudanzaslopez.net\/ca\/wp-json\/wp\/v2\/pages\/5876\/revisions"}],"wp:attachment":[{"href":"https:\/\/www.mudanzaslopez.net\/ca\/wp-json\/wp\/v2\/media?parent=5876"}],"curies":[{"name":"wp","href":"https:\/\/api.w.org\/{rel}","templated":true}]}}